{"id":1683,"date":"2026-01-15T13:25:36","date_gmt":"2026-01-15T13:25:36","guid":{"rendered":"https:\/\/farmaciaonlineadomicilio.com\/?post_type=product&#038;p=1683"},"modified":"2026-01-15T13:25:36","modified_gmt":"2026-01-15T13:25:36","slug":"acquista-viagra-italia","status":"publish","type":"product","link":"https:\/\/farmaciaonlineadomicilio.com\/en\/product\/acquista-viagra-italia\/","title":{"rendered":"Acquista viagra italia"},"content":{"rendered":"<h2>Acquista viagra italia<\/h2>\n<table>\n<tbody>\n<tr>\n<td>Dosaggio<\/td>\n<td>25 mg \/ 50 mg \/ 100 mg \/ 200 mg<\/td>\n<\/tr>\n<tr>\n<td>Formato confezione<\/td>\n<td>4 \/ 10 \/ 20 \/ 30 compresse<\/td>\n<\/tr>\n<tr>\n<td>Durata dell\u2019effetto<\/td>\n<td>circa 4\u20136 ore<\/td>\n<\/tr>\n<tr>\n<td>Inizio dell\u2019azione<\/td>\n<td>dopo 30\u201360 minuti dall\u2019assunzione<\/td>\n<\/tr>\n<tr>\n<td>Dose massima giornaliera<\/td>\n<td>non pi\u00f9 di 1 compressa al giorno<\/td>\n<\/tr>\n<\/tbody>\n<\/table>\n<p>Il Viagra (sildenafil) \u00e8 il primo trattamento orale efficace per la disfunzione erettile ad aver ricevuto l\u2019approvazione normativa. In questa pagina ti racconteremo tutto sull\u2019uso del Viagra, ti mostreremo le farmacie affidabili dove puoi acquistare il Viagra online e confrontare i prezzi del sildenafil in Itali<a href=\"https:\/\/farmaciaonlineadomicilio.com\/en\/product\/acquista-anabol-in-italia-10mg\/\">a<\/a><\/p>\n<h2 class=\"fusion-responsive-typography-calculated\" data-fontsize=\"38\" data-lineheight=\"45.6px\">Che cos\u2019\u00e8 il Viagra?<\/h2>\n<p>Il Viagra appartiene a un gruppo di farmaci chiamati inibitori della fosfodiesterasi di tipo 5. Si tratta di una pillola blu prescritta agli uomini che soffrono di disfunzione erettile. Non \u00e8 un afrodisiaco e non aumenta la libido. Questo farmaco non provoca automaticamente un\u2019erezione: il Viagra agisce solo in presenza di eccitazione o stimolazione sessuale. L\u2019effetto si manifesta solitamente entro 30-60 minuti dall\u2019assunzione e pu\u00f2 durare fino a 4-6 ore.<\/p>\n<p>Ad oggi, il Viagra \u00e8 stato assunto da oltre 120 milioni di uomini in pi\u00f9 di 110 Paesi e alcuni pazienti sono stati seguiti per 20 anni. Questo ampio gruppo di utilizzatori a lungo termine ha dimostrato non solo che il Viagra \u00e8 molto efficace contro la disfunzione erettile (con un tasso di efficacia complessivo dell\u201982%), ma anche che \u00e8 un farmaco molto sicuro, una caratteristica importante dato il numero di casi di disfunzione erettile osservati negli uomini. \u00c8 possibile\u00a0<a href=\"https:\/\/www.settecolori.it\/dove-acquistare-cialis-online-farmacia\/\" target=\"_blank\" rel=\"noopener\">acquistare Cialis online<\/a>\u00a0anche in Italia, con consegna in 24-48 ore.<\/p>\n<h2 class=\"fusion-responsive-typography-calculated\" data-fontsize=\"38\" data-lineheight=\"45.6px\">Come funziona il Viagra?<\/h2>\n<p>Il Viagra aiuta a rilassare i vasi sanguigni del pene, consentendo al sangue di fluire liberamente nel pene. Ci\u00f2 rende pi\u00f9 facile raggiungere e mantenere l\u2019erezione. Tuttavia, il Viagra non \u00e8 un afrodisiaco: non influisce sull\u2019eccitazione o sul desiderio sessuale. Ci\u00f2 significa che il Viagra non provoca un\u2019erezione spontanea. Pertanto, la stimolazione sessuale \u00e8 sempre necessaria affinch\u00e9 il cervello invii un segnale al pene.<\/p>\n<p>Il Viagra si \u00e8 dimostrato efficace anche in determinate condizioni mediche, come diabete, ipertensione, lesioni del midollo spinale o dopo interventi chirurgici alla prostata.<\/p>\n<h2 class=\"fusion-responsive-typography-calculated\" data-fontsize=\"38\" data-lineheight=\"45.6px\">Quando inizia a fare effetto il Viagra?<\/h2>\n<p>Solitamente il Viagra inizia a fare effetto entro 30-60 minuti dall\u2019assunzione. Tuttavia, il momento esatto in cui assumerlo pu\u00f2 dipendere da diversi fattori, tra cui il dosaggio, la risposta individuale dell\u2019organismo e se si \u00e8 consumato un pasto grasso prima di assumerlo.<\/p>\n<h2 class=\"fusion-responsive-typography-calculated\" data-fontsize=\"38\" data-lineheight=\"45.6px\">Quanto dura l\u2019effetto del Viagra?<\/h2>\n<p>L\u2019effetto del Viagra dura fino a 6 ore dopo la somministrazione. L\u2019effetto pu\u00f2 continuare dopo l\u2019eiaculazione, provocando un\u2019ulteriore erezione. Affinch\u00e9 il sildenafil abbia l\u2019effetto desiderato, \u00e8 necessaria la stimolazione sessuale.<\/p>\n<h2 class=\"fusion-responsive-typography-calculated\" data-fontsize=\"38\" data-lineheight=\"45.6px\">Come assumere il Viagra?<\/h2>\n<p>Il Viagra \u00e8 venduto in tre dosaggi: 25 mg, 50 mg e 100 mg. I produttori raccomandano di iniziare il trattamento con una dose di 50 mg al giorno e, se non si nota alcun effetto, di aumentare la dose a 100 mg. Nella pratica, molti uomini assumono subito la dose da 100 mg, poich\u00e9 \u00e8 quella che garantisce l\u2019effetto ottimale.<\/p>\n<p>Il Viagra deve essere deglutito intero con acqua, circa un\u2019ora prima dell\u2019attivit\u00e0 sessuale. Il tempo necessario affinch\u00e9 gli effetti si manifestino varia da persona a persona, ma in genere \u00e8 compreso tra 20 minuti e un\u2019ora. L\u2019erezione dovrebbe verificarsi in risposta alla stimolazione sessuale entro 4-6 ore dall\u2019assunzione della compressa. A volte il Viagra impiega pi\u00f9 tempo per fare effetto se assunto dopo un pasto abbondante.<\/p>\n<p>Bere alcol pu\u00f2 compromettere temporaneamente il processo erettile. Per ottenere risultati ottimali, si sconsiglia il consumo moderato di alcol prima di assumere il Viagra.<\/p>\n<h3 class=\"fusion-responsive-typography-calculated\" data-fontsize=\"16\" data-lineheight=\"19.2px\">\u00c8 possibile assumere il Viagra tutti i giorni?<\/h3>\n<p>Poich\u00e9 il Viagra rimane attivo per meno di 24 ore, le compresse possono essere assunte in sicurezza ogni giorno.<\/p>\n<h2 class=\"fusion-responsive-typography-calculated\" data-fontsize=\"38\" data-lineheight=\"45.6px\">Qual \u00e8 la differenza tra 25 mg, 50 mg e 100 mg?<\/h2>\n<p>La causa individuale della disfunzione erettile e altre condizioni mediche influenzeranno il dosaggio di Viagra che il medico potrebbe prescrivere. Ciascuna delle compresse da 25 mg, 50 mg e 100 mg ha uno scopo specifico e presenta vantaggi e svantaggi.<\/p>\n<h3 class=\"fusion-responsive-typography-calculated\" data-fontsize=\"16\" data-lineheight=\"19.2px\">Viagra 25 mg<\/h3>\n<p>La dose da 25 mg \u00e8 adatta a coloro che, per motivi di salute, necessitano di una dose inferiore.<\/p>\n<h3 class=\"fusion-responsive-typography-calculated\" data-fontsize=\"16\" data-lineheight=\"19.2px\">Viagra 50 mg<\/h3>\n<p>Per la maggior parte degli uomini, la dose iniziale standard per il primo utilizzo \u00e8 una compressa di Viagra da 50 mg, spesso efficace per ottenere un\u2019erezione forte.<\/p>\n<h3 class=\"fusion-responsive-typography-calculated\" data-fontsize=\"16\" data-lineheight=\"19.2px\">Viagra 100 mg<\/h3>\n<p>Di solito si ricorre alla dose da 100 mg nei casi in cui dosi inferiori si siano rivelate inefficaci. Per la maggior parte degli uomini, 100 mg resta la dose terapeutica standard che garantisce un\u2019erezione forte.<\/p>\n<h3 class=\"fusion-responsive-typography-calculated\" data-fontsize=\"16\" data-lineheight=\"19.2px\">Cosa succede se aumento la dose?<\/h3>\n<p>Gli aumenti delle dosi devono sempre essere effettuati sotto controllo medico.<\/p>\n<p>Studi clinici hanno dimostrato che aumentare la dose di Viagra oltre la dose massima raccomandata di 100 mg pu\u00f2 aumentare la probabilit\u00e0 di effetti collaterali, ma non l\u2019efficacia del farmaco.<\/p>\n<h2 class=\"fusion-responsive-typography-calculated\" data-fontsize=\"38\" data-lineheight=\"45.6px\">Qual \u00e8 la differenza tra Viagra, Cialis e Levitra?<\/h2>\n<p>Oltre al fatto che vengono prodotti da diverse aziende farmaceutiche, la differenza principale \u00e8 la durata dell\u2019effetto. Il Viagra e il Levitra agiscono per quattro-sei ore, mentre il Cialis pu\u00f2 agire fino a 36 ore. Il Cialis \u00e8 anche chiamato la \u201cpillola del weekend\u201d per la sua azione a lunga durata. \u00c8 ovvio che l\u2019uomo non mantiene il pene eretto durante tutto questo periodo. Grazie ai principi attivi contenuti nel farmaco, ottiene semplicemente l\u2019aiuto di cui ha bisogno per raggiungere e mantenere un\u2019erezione.<\/p>\n<p>Se un uomo preferisce rapporti sessuali meno frequenti, allora sar\u00e0 preferibile il Viagra, poich\u00e9 \u00e8 impossibile avere pi\u00f9 rapporti sessuali con una sola dose. Se preferisce la spontaneit\u00e0, il Cialis sar\u00e0 la scelta perfetta per lui, poich\u00e9 non dovr\u00e0 preoccuparsi della durata del trattamento.<\/p>\n<h3 class=\"fusion-responsive-typography-calculated\" data-fontsize=\"16\" data-lineheight=\"19.2px\">Interazione con cibo e alcol<\/h3>\n<p>Il Viagra deve essere assunto a stomaco vuoto, poich\u00e9 l\u2019assunzione di cibo (soprattutto cibi molto grassi) rallenta l\u2019effetto del farmaco. L\u2019alcol, invece, non influenza l\u2019azione del sildenafil, ma pu\u00f2 aumentare il rischio di ipotensione sintomatica; Quindi bevete alcolici con moderazione.<\/p>\n<h2 class=\"fusion-responsive-typography-calculated\" data-fontsize=\"38\" data-lineheight=\"45.6px\">Posso acquistare il Viagra generico?<\/h2>\n<p>S\u00ec, molte farmacie online offrono sia il Viagra di marca che i suoi generici, che contengono lo stesso principio attivo (sildenafil), ma sono pi\u00f9 economici. Ci\u00f2 \u00e8 stato possibile grazie al fatto che il brevetto del Viagra della Pfizer \u00e8 scaduto nel 2013. Pertanto, oggi nelle farmacie italiane \u00e8 possibile acquistare il Viagra Generico senza ricetta al prezzo di 0,80 euro a compressa.<\/p>\n<h2 class=\"fusion-responsive-typography-calculated\" data-fontsize=\"38\" data-lineheight=\"45.6px\">Dove acquistare il Viagra senza ricetta e qual \u00e8 il prezzo?<\/h2>\n<p>Se vuoi acquistare il Viagra in Italia, puoi rivolgerti alle farmacie fisiche o alle farmacie online. Solitamente le farmacie online offrono prezzi pi\u00f9 bassi, pertanto questa opzione di acquisto \u00e8 preferibile per la maggior parte degli uomini. Inoltre, spesso \u00e8 possibile acquistare il Viagra online senza prescrizione medica, il che rende il processo di ordinazione semplice e veloce. Inoltre, acquistando il Viagra online avrai la possibilit\u00e0 di confrontare con calma i prezzi, leggere le recensioni e scegliere una farmacia affidabile.<\/p>\n<p>I giorni in cui si stava in coda alla farmacia di fiducia stanno lentamente diventando un ricordo del passato. Grazie all\u2019aiuto della nostra farmacia puoi ordinare il Viagra con una consegna rapida e discreta a casa tua, in ufficio o ovunque tu sia. Il Viagra originale costa circa 40 euro per una scatola da 4 compresse da 100 mg, mentre il Viagra generico costa 28 euro per una scatola da 10 compresse.<\/p>\n<h3 class=\"fusion-responsive-typography-calculated\" data-fontsize=\"16\" data-lineheight=\"19.2px\">A che et\u00e0 gli uomini possono assumere il Viagra?<\/h3>\n<p>Il trattamento con compresse di Viagra \u00e8 approvato per gli uomini dai 18 anni in su. Non ci sono limiti di et\u00e0 per assumere il Viagra se si \u00e8 in buona forma fisica e non ci sono controindicazioni all\u2019assunzione del farmaco.<\/p>\n<h3 class=\"fusion-responsive-typography-calculated\" data-fontsize=\"16\" data-lineheight=\"19.2px\">Con quale frequenza si pu\u00f2 avere un orgasmo con il Viagra?<\/h3>\n<p>L\u2019assunzione di Viagra non provoca automaticamente la ri-eiaculazione, ma mantiene solo l\u2019erezione durante la stimolazione sessuale. L\u2019eiaculazione in s\u00e9, ovviamente, dipende da fattori individuali, come il grado di eccitazione sessuale e la durata del rapporto.<\/p>\n<h3 class=\"fusion-responsive-typography-calculated\" data-fontsize=\"16\" data-lineheight=\"19.2px\">Chi non dovrebbe assumere il Viagra?<\/h3>\n<p>Il Viagra non deve essere prescritto ai pazienti che assumono medicinali contenenti nitrati. Questi farmaci vengono prescritti per patologie cardiache come l\u2019angina. L\u2019associazione di questi farmaci con il Viagra pu\u00f2 causare un pericoloso calo della pressione sanguigna. I pazienti devono informare il proprio medico se stanno assumendo tali farmaci.<\/p>\n<p>I pazienti affetti dalle seguenti patologie non devono assumere il Viagra:<\/p>\n<ul>\n<li>Ipersensibilit\u00e0 nota a qualsiasi componente del Viagra<\/li>\n<li>Gravi problemi cardiaci o epatici<\/li>\n<li>Ictus recente, infarto o ipotensione<\/li>\n<li>Alcune malattie oculari ereditarie, come la retinite pigmentosa<\/li>\n<li>Il Viagra non deve essere assunto in concomitanza con altri farmaci usati per trattare la disfunzione erettile.<\/li>\n<\/ul>\n<h3 class=\"fusion-responsive-typography-calculated\" data-fontsize=\"16\" data-lineheight=\"19.2px\">Una donna pu\u00f2 assumere il Viagra?<\/h3>\n<p>Le donne non dovrebbero assumere il Viagra.<\/p>\n<h3 class=\"fusion-responsive-typography-calculated\" data-fontsize=\"16\" data-lineheight=\"19.2px\">Quali sono gli effetti collaterali?<\/h3>\n<p>Se si assume il sildenafil nelle dosi raccomandate dal medico, potrebbero verificarsi solo effetti collaterali lievi o moderati a breve termine. I pi\u00f9 comuni sono mal di testa e vampate di calore. Meno comuni sono mal di stomaco, vertigini, congestione nasale e lievi disturbi visivi (solitamente una leggera tinta bluastra, luci pi\u00f9 intense o una visione leggermente distorta).<\/p>\n<p>Un aspetto da tenere presente \u00e8 che l\u2019effetto del sildenafil sul nostro organismo non dovrebbe superare le 4 ore. Nei casi in cui l\u2019erezione dura pi\u00f9 di 4 ore, si consiglia di consultare un medico.<\/p>\n<h2 class=\"fusion-responsive-typography-calculated\" data-fontsize=\"38\" data-lineheight=\"45.6px\">Come acquistare il Viagra online in Italia?<\/h2>\n<p>Nell\u2019era moderna della telemedicina, sempre pi\u00f9 uomini scelgono di ordinare il Viagra online: \u00e8 veloce, riservato ed elimina la necessit\u00e0 di recarsi personalmente in farmacia. Le farmacie online ti consentono di accedere a farmaci comprovati direttamente da casa, il che \u00e8 particolarmente utile se hai un programma fitto di impegni o vuoi tenere segreti i tuoi problemi intimi.<\/p>\n<p>Tuttavia, nonostante tutte le comodit\u00e0, \u00e8 importante ricordare che il Viagra \u00e8 un farmaco che richiede un uso ragionevole e controllato. Prima del primo trattamento, ti consigliamo di consultare il tuo medico per stabilire il dosaggio appropriato e valutare tutti i rischi. Se hai gi\u00e0 assunto il Viagra e conosci la reazione del tuo corpo, puoi ordinare questo farmaco senza prescrizione medica nella nostra farmacia online.<\/p>\n<h2 class=\"fusion-responsive-typography-calculated\" data-fontsize=\"38\" data-lineheight=\"45.6px\">Qual \u00e8 il prezzo del Viagra senza ricetta in farmacia?<\/h2>\n<p>Il prezzo del Viagra nelle farmacie italiane \u00e8 solitamente compreso tra 2 e 10 euro per una compressa da 100 mg. I prezzi possono variare nelle diverse farmacie, a seconda del produttore e del numero di compresse presenti nella confezione.<\/p>","protected":false},"excerpt":{"rendered":"<h2>Acquista viagra italia<\/h2>","protected":false},"featured_media":1685,"comment_status":"open","ping_status":"closed","template":"","meta":{"_surecart_dashboard_logo_width":"180px","_surecart_dashboard_show_logo":true,"_surecart_dashboard_navigation_orders":true,"_surecart_dashboard_navigation_invoices":true,"_surecart_dashboard_navigation_subscriptions":true,"_surecart_dashboard_navigation_downloads":true,"_surecart_dashboard_navigation_billing":true,"_surecart_dashboard_navigation_account":true,"_uag_custom_page_level_css":"","site-sidebar-layout":"default","site-content-layout":"","ast-site-content-layout":"default","site-content-style":"default","site-sidebar-style":"default","ast-global-header-display":"","ast-banner-title-visibility":"","ast-main-header-display":"","ast-hfb-above-header-display":"disabled","ast-hfb-below-header-display":"","ast-hfb-mobile-header-display":"","site-post-title":"","ast-breadcrumbs-content":"","ast-featured-img":"","footer-sml-layout":"","ast-disable-related-posts":"","theme-transparent-header-meta":"default","adv-header-id-meta":"","stick-header-meta":"","header-above-stick-meta":"","header-main-stick-meta":"","header-below-stick-meta":"","astra-migrate-meta-layouts":"set","ast-page-background-enabled":"default","ast-page-background-meta":{"desktop":{"background-color":"","background-image":"","background-repeat":"repeat","background-position":"center center","background-size":"auto","background-attachment":"scroll","background-type":"","background-media":"","overlay-type":"","overlay-color":"","overlay-opacity":"","overlay-gradient":""},"tablet":{"background-color":"","background-image":"","background-repeat":"repeat","background-position":"center center","background-size":"auto","background-attachment":"scroll","background-type":"","background-media":"","overlay-type":"","overlay-color":"","overlay-opacity":"","overlay-gradient":""},"mobile":{"background-color":"","background-image":"","background-repeat":"repeat","background-position":"center center","background-size":"auto","background-attachment":"scroll","background-type":"","background-media":"","overlay-type":"","overlay-color":"","overlay-opacity":"","overlay-gradient":""}},"ast-content-background-meta":{"desktop":{"background-color":"var(--ast-global-color-5)","background-image":"","background-repeat":"repeat","background-position":"center center","background-size":"auto","background-attachment":"scroll","background-type":"","background-media":"","overlay-type":"","overlay-color":"","overlay-opacity":"","overlay-gradient":""},"tablet":{"background-color":"var(--ast-global-color-5)","background-image":"","background-repeat":"repeat","background-position":"center center","background-size":"auto","background-attachment":"scroll","background-type":"","background-media":"","overlay-type":"","overlay-color":"","overlay-opacity":"","overlay-gradient":""},"mobile":{"background-color":"var(--ast-global-color-5)","background-image":"","background-repeat":"repeat","background-position":"center center","background-size":"auto","background-attachment":"scroll","background-type":"","background-media":"","overlay-type":"","overlay-color":"","overlay-opacity":"","overlay-gradient":""}}},"product_brand":[],"product_cat":[28,29],"product_tag":[],"class_list":{"0":"post-1683","1":"product","2":"type-product","3":"status-publish","4":"has-post-thumbnail","6":"product_cat-negozio","7":"product_cat-steroidi-anabolizzanti","8":"desktop-align-left","9":"tablet-align-left","10":"mobile-align-center","12":"first","13":"instock","14":"shipping-taxable","15":"purchasable","16":"product-type-variable"},"uagb_featured_image_src":{"full":["https:\/\/farmaciaonlineadomicilio.com\/wp-content\/uploads\/2026\/01\/viagra.png",900,600,false],"thumbnail":["https:\/\/farmaciaonlineadomicilio.com\/wp-content\/uploads\/2026\/01\/viagra-150x150.png",150,150,true],"medium":["https:\/\/farmaciaonlineadomicilio.com\/wp-content\/uploads\/2026\/01\/viagra-300x200.png",300,200,true],"medium_large":["https:\/\/farmaciaonlineadomicilio.com\/wp-content\/uploads\/2026\/01\/viagra-768x512.png",768,512,true],"large":["https:\/\/farmaciaonlineadomicilio.com\/wp-content\/uploads\/2026\/01\/viagra.png",900,600,false],"1536x1536":["https:\/\/farmaciaonlineadomicilio.com\/wp-content\/uploads\/2026\/01\/viagra.png",900,600,false],"2048x2048":["https:\/\/farmaciaonlineadomicilio.com\/wp-content\/uploads\/2026\/01\/viagra.png",900,600,false],"trp-custom-language-flag":["https:\/\/farmaciaonlineadomicilio.com\/wp-content\/uploads\/2026\/01\/viagra.png",18,12,false],"woocommerce_thumbnail":["https:\/\/farmaciaonlineadomicilio.com\/wp-content\/uploads\/2026\/01\/viagra-300x300.png",300,300,true],"woocommerce_single":["https:\/\/farmaciaonlineadomicilio.com\/wp-content\/uploads\/2026\/01\/viagra-550x367.png",550,367,true],"woocommerce_gallery_thumbnail":["https:\/\/farmaciaonlineadomicilio.com\/wp-content\/uploads\/2026\/01\/viagra-100x100.png",100,100,true],"quick_view_image_size":["https:\/\/farmaciaonlineadomicilio.com\/wp-content\/uploads\/2026\/01\/viagra-450x600.png",450,600,true],"thaps-thumb-img":["https:\/\/farmaciaonlineadomicilio.com\/wp-content\/uploads\/2026\/01\/viagra-48x32.png",48,32,true]},"uagb_author_info":{"display_name":"Admin13","author_link":"https:\/\/farmaciaonlineadomicilio.com\/en\/author\/"},"uagb_comment_info":0,"uagb_excerpt":"Acquista viagra italia","_links":{"self":[{"href":"https:\/\/farmaciaonlineadomicilio.com\/en\/wp-json\/wp\/v2\/product\/1683","targetHints":{"allow":["GET"]}}],"collection":[{"href":"https:\/\/farmaciaonlineadomicilio.com\/en\/wp-json\/wp\/v2\/product"}],"about":[{"href":"https:\/\/farmaciaonlineadomicilio.com\/en\/wp-json\/wp\/v2\/types\/product"}],"replies":[{"embeddable":true,"href":"https:\/\/farmaciaonlineadomicilio.com\/en\/wp-json\/wp\/v2\/comments?post=1683"}],"wp:featuredmedia":[{"embeddable":true,"href":"https:\/\/farmaciaonlineadomicilio.com\/en\/wp-json\/wp\/v2\/media\/1685"}],"wp:attachment":[{"href":"https:\/\/farmaciaonlineadomicilio.com\/en\/wp-json\/wp\/v2\/media?parent=1683"}],"wp:term":[{"taxonomy":"product_brand","embeddable":true,"href":"https:\/\/farmaciaonlineadomicilio.com\/en\/wp-json\/wp\/v2\/product_brand?post=1683"},{"taxonomy":"product_cat","embeddable":true,"href":"https:\/\/farmaciaonlineadomicilio.com\/en\/wp-json\/wp\/v2\/product_cat?post=1683"},{"taxonomy":"product_tag","embeddable":true,"href":"https:\/\/farmaciaonlineadomicilio.com\/en\/wp-json\/wp\/v2\/product_tag?post=1683"}],"curies":[{"name":"wp","href":"https:\/\/api.w.org\/{rel}","templated":true}]}}