{"id":1613,"date":"2026-01-14T15:48:10","date_gmt":"2026-01-14T15:48:10","guid":{"rendered":"https:\/\/farmaciaonlineadomicilio.com\/?post_type=product&#038;p=1613"},"modified":"2026-01-14T15:56:27","modified_gmt":"2026-01-14T15:56:27","slug":"acquistare-metformina-in-italia","status":"publish","type":"product","link":"https:\/\/farmaciaonlineadomicilio.com\/en\/product\/acquistare-metformina-in-italia\/","title":{"rendered":"acquistare metformina in Italia"},"content":{"rendered":"<h2>Dove acquistare metformina in Italia<\/h2>\n<h2 id=\"toc-a-cosa-serve-il-farmaco-antidiabetico:-meccanismo-d\u2019azione-ed-effetti\">A cosa serve il farmaco antidiabetico: meccanismo d\u2019azione ed effetti<\/h2>\n<figure class=\"w-richtext-align-center w-richtext-figure-type-image\">\n<div><img decoding=\"async\" src=\"https:\/\/cdn.prod.website-files.com\/5d0b99352ab90c616bf47b31\/6881f5807fae4153b7dd4459_pillole.avif\" alt=\"diabete pillole\" title=\"\"><\/div>\n<\/figure>\n<p>La metformina aiuta a controllare la glicemia agendo su pi\u00f9 fronti:<\/p>\n<ul role=\"list\">\n<li><strong>Aumenta la sensibilit\u00e0 all&#8217;insulina<\/strong><\/li>\n<li><strong>Riduce l\u2019assorbimento intestinale del glucosio<\/strong>\u00a0e ne diminuisce la produzione da parte del fegato (inibendo la gluconeogenesi)<\/li>\n<li>Non agendo direttamente sul pancreas n\u00e9 stimolando la secrezione di\u00a0insulina,\u00a0<strong>non comporta rischio di ipoglicemia<\/strong>.<\/li>\n<\/ul>\n<p>Nonostante l\u2019uso consolidato, i meccanismi cellulari alla base dei suoi numerosi effetti benefici non sono ancora del tutto chiari. Uno dei principali meccanismi antidiabetici identificati \u00e8 l\u2019<strong>inibizione del complesso mitocondriale I<\/strong>, che comporta una riduzione della produzione epatica di glucosio.<\/p>\n<p>Dopo l\u2019assunzione orale, la metformina entra nelle cellule epatiche grazie al trasportatore\u00a0<strong>OCT1 (organic cation transporter 1)<\/strong>. Essendo una molecola a carica positiva, si accumula soprattutto nei\u00a0<strong>mitocondri (organelli cellulari, spesso definiti &#8220;centrali energetiche&#8221; delle cellule)<\/strong>, dove blocca il complesso I e attiva\u00a0<strong>la proteina chinasi AMPK\u00a0<\/strong>(AMP-activated protein kinase), un regolatore chiave del\u00a0<strong>metabolismo energetico<\/strong>. Questo effetto porta a un\u00a0<strong>miglior utilizzo del glucosio nei muscoli<\/strong>, alla riduzione della produzione epatica di zucchero, alla\u00a0<strong>diminuzione della sintesi di grassi (lipogenesi)<\/strong>\u00a0e all\u2019<strong>aumento della loro degradazione (lipolisi)<\/strong>.<\/p>\n<p>A livello intestinale, la metformina<strong>\u00a0riduce l\u2019assorbimento del glucosio\u00a0<\/strong>e promuove il\u00a0<strong>trasporto del lattato verso il fegato<\/strong>. Si ipotizza inoltre che stimoli l\u2019azione del\u00a0<strong>GLP-1\u00a0<\/strong>(un ormone intestinale che regola il metabolismo glicemico) e favorisca l\u2019utilizzo del glucosio da parte delle cellule intestinali.<\/p>\n<p>Studi recenti suggeriscono che gli <strong>effetti extraepatici\u00a0<\/strong>della metformina, soprattutto a livello intestinale, siano altrettanto importanti quanto quelli sul fegato. \u00c8 stato osservato, ad esempio, un aumento dei livelli di\u00a0<strong>GDF-15 (Growth Differentiation Factor 15)<\/strong>, un mediatore coinvolto nel controllo dell\u2019appetito e del peso, che contribuisce al miglioramento del profilo glicemico e alla perdita di peso.<\/p>\n<p>Il\u00a0<strong>tratto gastrointestinale<\/strong>\u00a0\u00e8 oggi considerato un sito d\u2019azione cruciale: la metformina pu\u00f2 modificare la flora intestinale e attivare AMPK anche nelle cellule intestinali, con effetti sia metabolici che ipoglicemizzanti.<\/p>\n<p>Infine, la metformina mostra azioni benefiche anche oltre il metabolismo glucidico:\u00a0<strong>riduce lo stress ossidativo e migliora la funzione endoteliale a livello cardiovascolare<\/strong>, pu\u00f2 aumentare la\u00a0<strong>sensibilit\u00e0 delle cellule tumorali alla chemioterapia\u00a0<\/strong>e ha<strong>\u00a0effetti regolatori sull\u2019infiammazione del sistema nervoso<\/strong>, suggerendo un potenziale ruolo nei disturbi neurodegenerativi.<\/p>\n<h2 id=\"toc-come-si-usa:-consigli-e-avvertenze\">Come si usa: consigli e avvertenze<\/h2>\n<ul role=\"list\">\n<li><strong>Dosaggio consigliato<\/strong>: dose terapeutica 1500-3000 mg al giorno, suddivisa in 2-3 somministrazioni. Per ridurre i disturbi gastrointestinali (soprattutto diarrea) \u00e8 consigliabile iniziare con 500- 1000 mg al giorno da aumentare lentamente nelle successive settimane).<\/li>\n<li><strong>Dopo quanto fa effetto<\/strong>: L\u2019effetto sulla glicemia inizia rapidamente nel giro di pochi giorni anche se l\u2019efficacia massima viene raggiunta nel giro di 2-3 mesi.<\/li>\n<li><strong>Metformina e insulina insieme<\/strong>: nel diabete di tipo 2, la metformina pu\u00f2 essere combinata con tutti gli altri farmaci non-insulinici (in particolare con i GLP1 agonisti e le gliflozine) perch\u00e9 il suo effetto \u00e8 indipendente e sommatorio a quello degli altri farmaci. \u00c8 assolutamente indicata anche in combinazione con la terapia insulinica basale perch\u00e9 permette di raggiungere un adeguato controllo glicemico con una minore dose di insulina, grazie alla sua azione di riduzione della produzione epatica di glucosio.<\/li>\n<\/ul>\n<h3 id=\"toc-quali-sono-i-benefici-nell'utilizzo-di-metformina?\">Quali sono i benefici nell&#8217;utilizzo di metformina?<\/h3>\n<p>In sintesi, nel diabete di tipo 2, la metformina migliora il controllo glicemico senza rischio di ipoglicemia e di aumento di peso e contribuisce a lungo termine a ridurre il rischio di eventi cardiovascolari.<\/p>\n<h3 id=\"toc-in-quali-casi-viene-usata-anche-per-il-diabete-di-tipo-1?\">In quali casi viene usata anche per il diabete di tipo 1?<\/h3>\n<p>La metformina non \u00e8 indicata nel\u00a0<strong>diabete di tipo 1<\/strong>, perch\u00e9 in questa forma di diabete\u00a0<strong>manca completamente l\u2019<\/strong><strong>insulina<\/strong><strong>, e la metformina non pu\u00f2 sostituirla<\/strong>. Tuttavia, in alcuni casi viene usata fuori indicazione (off-label), soprattutto quando chi ha il diabete di tipo 1 presenta sovrappeso o obesit\u00e0.<\/p>\n<p>In queste situazioni, la metformina pu\u00f2 aiutare a ridurre la quantit\u00e0 di insulina necessaria e a migliorare il controllo della glicemia, anche se le prove scientifiche a sostegno di questo utilizzo sono ancora limitate.<\/p>\n<h3 id=\"toc-non-solo-diabete:-altri-usi-della-metformina\">Non solo diabete: altri usi della metformina<\/h3>\n<p><strong>La metformina non \u00e8 utile solo per trattare il diabete gi\u00e0 conclamato, ma pu\u00f2 avere un ruolo importante anche nella sua prevenzione<\/strong>. Numerose ricerche confermano infatti come, se associata a uno stile di vita sano, sia in grado di rallentare o persino impedire la trasformazione del cosiddetto \u201cprediabete\u201d (una condizione in cui la glicemia \u00e8 alterata, ma non ancora diabetica) in diabete vero e proprio.<\/p>\n<p>Un altro ambito in cui la metformina \u00e8 diventata un farmaco chiave \u00e8 la\u00a0<strong>sindrome dell\u2019ovaio policistico (PCOS)<\/strong>, un disturbo ormonale molto diffuso nelle giovani donne, caratterizzato da cicli irregolari, presenza di cisti ovariche e segni come l\u2019eccesso di peli (irsutismo). La metformina agisce efficacemente perch\u00e9<strong>\u00a0riduce l\u2019insulino-resistenza\u00a0<\/strong>(cio\u00e8 la difficolt\u00e0 delle cellule a rispondere all\u2019insulina) che spesso \u00e8 la causa principale di questa sindrome, migliorando anche il quadro ormonale e alleviando i sintomi.<\/p>\n<p>Negli ultimi anni, inoltre, studi epidemiologici hanno evidenziato un altro beneficio inaspettato della metformina:<strong>\u00a0la capacit\u00e0 di ridurre il rischio di sviluppare alcuni tumori<\/strong>, specialmente\u00a0<strong>quelli del tratto intestinale<\/strong>, e di migliorare la prognosi dei pazienti diabetici che ne sono affetti. Attualmente, sono in corso ulteriori studi clinici per approfondire il possibile<strong>\u00a0ruolo della metformina nella prevenzione e cura del cancro<\/strong>.<\/p>\n<p>dove acquistare metformina in Italia dove acquistare metformina in Italia dove acquistare metformina in Italia<\/p>\n<p>Infine, dati preliminari provenienti da studi sugli animali e da osservazioni cliniche indicano che la metformina potrebbe avere un interessante\u00a0<strong>effetto anti-invecchiamento<\/strong>, grazie alla sua capacit\u00e0 di influenzare positivamente il metabolismo e ridurre i processi infiammatori che accelerano l\u2019invecchiamento cellulare. Progetti di ricerca come lo\u00a0studio\u00a0<strong>TAME (&#8220;<em>Targeting Aging with Metformin<\/em>&#8220;)<\/strong>\u00a0stanno valutando pi\u00f9 approfonditamente queste promettenti prospettive.<\/p>\n<h2 id=\"toc-la-metformina-pu\u00f2-essere-usata-per-dimagrire?\">La metformina pu\u00f2 essere usata per dimagrire?<\/h2>\n<figure class=\"w-richtext-align-center w-richtext-figure-type-image\">\n<div><img fetchpriority=\"high\" decoding=\"async\" class=\"alignnone\" src=\"https:\/\/cdn.prod.website-files.com\/5d0b99352ab90c616bf47b31\/6881f5d3174f36c39b7c4a34_bottiglia_sfondo_blu.avif\" alt=\"dove acquistare metformina in Italia\" width=\"1000\" height=\"667\" title=\"\"><\/div>\n<\/figure>\n<p>Anche se<strong>\u00a0la metformina pu\u00f2 portare a una perdita di peso di 1-2 kg in media<\/strong>,<strong>\u00a0non \u00e8 un farmaco per la perdita di peso e il suo uso per questo scopo dovrebbe essere considerato solo sotto stretta supervisione medica<\/strong>, in presenza di condizioni come PCOS o diabete.<\/p>\n<p>Per perdere peso, un approccio basato su dieta equilibrata, esercizio fisico e, se necessario, farmaci specifici approvati (quali\u00a0Ozempic\u00a0e<strong>\u00a0gLP1 agonisti)<\/strong> \u00e8 generalmente pi\u00f9 sicuro e molto pi\u00f9 efficace. dove acquistare metformina in Italia dove acquistare metformina in Italia dove acquistare metformina in Italia dove acquistare metformina in Italia<\/p>\n<h2 id=\"toc-quando-la-metformina-pu\u00f2-diventare-pericolosa?-effetti-collaterali,-danni-e-controindicazioni\">Quando la metformina pu\u00f2 diventare pericolosa? Effetti collaterali, danni e controindicazioni<\/h2>\n<p>La metformina \u00e8 sconsigliata in caso di\u00a0<strong>insufficienza renale avanzata<\/strong>,<strong>\u00a0insufficienza cardiaca o respiratoria<\/strong>\u00a0e\/qualsiasi condizione di<strong>\u00a0ipossia\u00a0<\/strong>per il rischio di acidosi lattica. Per questo motivo si consiglia di interrompere temporaneamente la somministrazione il giorno precedente e durante l&#8217;uso di mezzi di contrasto radiografici per via endovenosa.<\/p>\n<p>In Italia \u00e8 consigliata la sua<strong>\u00a0sospensione in gravidanza\u00a0<\/strong>(sebbene la sicurezza d&#8217;uso sia dimostrata in diversi studi).<\/p>\n<p>Per quanto riguarda i pazienti con insufficienza renale cronica si consiglia di ridurre la dose massima a<strong>\u00a01500 mg al d\u00ec \u00a0se eGFR &lt;60 ml\/min\/1,73 m\u00b2<\/strong> e di interrompere la metformina se eGFR &lt;30 ml\/min\/1,73 m\u00b2. Evitare di iniziare la metformina se eGFR &lt;45 ml\/min\/1,73 m2. dove acquistare metformina in Italia dove acquistare metformina in Italia dove acquistare metformina in Italia<\/p>\n<p>In fine va ricordato cha<strong>\u00a0la metformina pu\u00f2 ridurre, seppur raramente, l\u2019assorbimento della\u00a0<\/strong><a href=\"https:\/\/www.marionegri.it\/magazine\/vitamina-b12-a-cosa-serve-dove-si-trova-e-quando-va-integrata\" target=\"_blank\" rel=\"noopener\"><strong>vitamina B12<\/strong><\/a>, e pertanto portare a anemia macrocitica.<\/p>","protected":false},"excerpt":{"rendered":"<h2>Acquistare metformina in Italia<\/h2>","protected":false},"featured_media":1564,"comment_status":"open","ping_status":"closed","template":"","meta":{"_surecart_dashboard_logo_width":"180px","_surecart_dashboard_show_logo":true,"_surecart_dashboard_navigation_orders":true,"_surecart_dashboard_navigation_invoices":true,"_surecart_dashboard_navigation_subscriptions":true,"_surecart_dashboard_navigation_downloads":true,"_surecart_dashboard_navigation_billing":true,"_surecart_dashboard_navigation_account":true,"_uag_custom_page_level_css":"","site-sidebar-layout":"default","site-content-layout":"","ast-site-content-layout":"default","site-content-style":"default","site-sidebar-style":"default","ast-global-header-display":"","ast-banner-title-visibility":"","ast-main-header-display":"","ast-hfb-above-header-display":"","ast-hfb-below-header-display":"","ast-hfb-mobile-header-display":"","site-post-title":"","ast-breadcrumbs-content":"","ast-featured-img":"","footer-sml-layout":"","ast-disable-related-posts":"","theme-transparent-header-meta":"default","adv-header-id-meta":"","stick-header-meta":"","header-above-stick-meta":"","header-main-stick-meta":"","header-below-stick-meta":"","astra-migrate-meta-layouts":"set","ast-page-background-enabled":"default","ast-page-background-meta":{"desktop":{"background-color":"","background-image":"","background-repeat":"repeat","background-position":"center center","background-size":"auto","background-attachment":"scroll","background-type":"","background-media":"","overlay-type":"","overlay-color":"","overlay-opacity":"","overlay-gradient":""},"tablet":{"background-color":"","background-image":"","background-repeat":"repeat","background-position":"center center","background-size":"auto","background-attachment":"scroll","background-type":"","background-media":"","overlay-type":"","overlay-color":"","overlay-opacity":"","overlay-gradient":""},"mobile":{"background-color":"","background-image":"","background-repeat":"repeat","background-position":"center center","background-size":"auto","background-attachment":"scroll","background-type":"","background-media":"","overlay-type":"","overlay-color":"","overlay-opacity":"","overlay-gradient":""}},"ast-content-background-meta":{"desktop":{"background-color":"var(--ast-global-color-5)","background-image":"","background-repeat":"repeat","background-position":"center center","background-size":"auto","background-attachment":"scroll","background-type":"","background-media":"","overlay-type":"","overlay-color":"","overlay-opacity":"","overlay-gradient":""},"tablet":{"background-color":"var(--ast-global-color-5)","background-image":"","background-repeat":"repeat","background-position":"center center","background-size":"auto","background-attachment":"scroll","background-type":"","background-media":"","overlay-type":"","overlay-color":"","overlay-opacity":"","overlay-gradient":""},"mobile":{"background-color":"var(--ast-global-color-5)","background-image":"","background-repeat":"repeat","background-position":"center center","background-size":"auto","background-attachment":"scroll","background-type":"","background-media":"","overlay-type":"","overlay-color":"","overlay-opacity":"","overlay-gradient":""}}},"product_brand":[],"product_cat":[28,30],"product_tag":[34],"class_list":{"0":"post-1613","1":"product","2":"type-product","3":"status-publish","4":"has-post-thumbnail","6":"product_cat-negozio","7":"product_cat-medicina-del-diabete","8":"product_tag-metformina","9":"desktop-align-left","10":"tablet-align-left","11":"mobile-align-center","13":"first","14":"instock","15":"shipping-taxable","16":"purchasable","17":"product-type-variable"},"uagb_featured_image_src":{"full":["https:\/\/farmaciaonlineadomicilio.com\/wp-content\/uploads\/2026\/01\/H0005609.png",400,273,false],"thumbnail":["https:\/\/farmaciaonlineadomicilio.com\/wp-content\/uploads\/2026\/01\/H0005609-150x150.png",150,150,true],"medium":["https:\/\/farmaciaonlineadomicilio.com\/wp-content\/uploads\/2026\/01\/H0005609-300x205.png",300,205,true],"medium_large":["https:\/\/farmaciaonlineadomicilio.com\/wp-content\/uploads\/2026\/01\/H0005609.png",400,273,false],"large":["https:\/\/farmaciaonlineadomicilio.com\/wp-content\/uploads\/2026\/01\/H0005609.png",400,273,false],"1536x1536":["https:\/\/farmaciaonlineadomicilio.com\/wp-content\/uploads\/2026\/01\/H0005609.png",400,273,false],"2048x2048":["https:\/\/farmaciaonlineadomicilio.com\/wp-content\/uploads\/2026\/01\/H0005609.png",400,273,false],"trp-custom-language-flag":["https:\/\/farmaciaonlineadomicilio.com\/wp-content\/uploads\/2026\/01\/H0005609.png",18,12,false],"woocommerce_thumbnail":["https:\/\/farmaciaonlineadomicilio.com\/wp-content\/uploads\/2026\/01\/H0005609-300x273.png",300,273,true],"woocommerce_single":["https:\/\/farmaciaonlineadomicilio.com\/wp-content\/uploads\/2026\/01\/H0005609.png",400,273,false],"woocommerce_gallery_thumbnail":["https:\/\/farmaciaonlineadomicilio.com\/wp-content\/uploads\/2026\/01\/H0005609-100x100.png",100,100,true],"quick_view_image_size":["https:\/\/farmaciaonlineadomicilio.com\/wp-content\/uploads\/2026\/01\/H0005609.png",400,273,false],"thaps-thumb-img":["https:\/\/farmaciaonlineadomicilio.com\/wp-content\/uploads\/2026\/01\/H0005609-48x33.png",48,33,true]},"uagb_author_info":{"display_name":"Admin13","author_link":"https:\/\/farmaciaonlineadomicilio.com\/en\/author\/"},"uagb_comment_info":0,"uagb_excerpt":"Acquistare metformina in Italia","_links":{"self":[{"href":"https:\/\/farmaciaonlineadomicilio.com\/en\/wp-json\/wp\/v2\/product\/1613","targetHints":{"allow":["GET"]}}],"collection":[{"href":"https:\/\/farmaciaonlineadomicilio.com\/en\/wp-json\/wp\/v2\/product"}],"about":[{"href":"https:\/\/farmaciaonlineadomicilio.com\/en\/wp-json\/wp\/v2\/types\/product"}],"replies":[{"embeddable":true,"href":"https:\/\/farmaciaonlineadomicilio.com\/en\/wp-json\/wp\/v2\/comments?post=1613"}],"wp:featuredmedia":[{"embeddable":true,"href":"https:\/\/farmaciaonlineadomicilio.com\/en\/wp-json\/wp\/v2\/media\/1564"}],"wp:attachment":[{"href":"https:\/\/farmaciaonlineadomicilio.com\/en\/wp-json\/wp\/v2\/media?parent=1613"}],"wp:term":[{"taxonomy":"product_brand","embeddable":true,"href":"https:\/\/farmaciaonlineadomicilio.com\/en\/wp-json\/wp\/v2\/product_brand?post=1613"},{"taxonomy":"product_cat","embeddable":true,"href":"https:\/\/farmaciaonlineadomicilio.com\/en\/wp-json\/wp\/v2\/product_cat?post=1613"},{"taxonomy":"product_tag","embeddable":true,"href":"https:\/\/farmaciaonlineadomicilio.com\/en\/wp-json\/wp\/v2\/product_tag?post=1613"}],"curies":[{"name":"wp","href":"https:\/\/api.w.org\/{rel}","templated":true}]}}